{"id":3,"date":"2024-07-30T09:56:21","date_gmt":"2024-07-30T09:56:21","guid":{"rendered":"https:\/\/pmg23ltd.eu\/?page_id=3"},"modified":"2024-09-07T10:48:59","modified_gmt":"2024-09-07T07:48:59","slug":"privacy-policy","status":"publish","type":"page","link":"https:\/\/pmg23ltd.eu\/de\/privacy-policy\/","title":{"rendered":"Datenschutzrichtlinie"},"content":{"rendered":"<p><strong>1. Allgemeine Bestimmungen<\/strong><\/p>\n\n\n\n<p>Diese Datenschutzrichtlinie deckt die Art und Weise ab, in der PI EM JI GROUP 23 Einzelunternehmen mit beschr\u00e4nkter Haftung, mit Sitz und Adresse der Gesch\u00e4ftsf\u00fchrung: Region Ruse, Gemeinde. Slivo-Feld, Dorf Golyamo Vranovo, Postleitzahl 7060, str. Stara planina 3 (im Folgenden kurz \u201edas Unternehmen\u201c oder \u201ewir\u201c genannt) erhebt, nutzt, verwaltet und ver\u00f6ffentlicht Informationen, die von Benutzern (im Folgenden \u201eBenutzer\u201c genannt) der Website gesammelt werden <a href=\"https:\/\/pmg23ltd.eu\/de\/\">https:\/\/pmg23ltd.eu<\/a> (im Folgenden als \u201eWebsite\u201c bezeichnet). Diese Datenschutzrichtlinie gilt f\u00fcr die Website und alle vom Unternehmen angebotenen Produkte und Dienstleistungen.<\/p>\n\n\n\n<p><strong>2. Cookies<\/strong><\/p>\n\n\n\n<p>Unsere Website verwendet Cookies, um das Benutzererlebnis zu verbessern. Ihr Webbrowser platziert Cookies auf Ihrer Festplatte, um diese zu verfolgen und manchmal auch Informationen \u00fcber Sie zu speichern. Der Benutzer kann seinen Webbrowser so einstellen, dass er Cookies ablehnt oder Sie benachrichtigt, wenn Cookies gesendet werden. Wenn dies der Fall ist, beachten Sie bitte, dass einige Teile der Website m\u00f6glicherweise nicht ordnungsgem\u00e4\u00df funktionieren.<\/p>\n\n\n\n<p><strong>3. Wie wir Informationen sammeln und verwenden<\/strong><\/p>\n\n\n\n<p>Wir erfassen Informationen von Benutzern, wenn sie sich auf der Website registrieren, ein Formular ausf\u00fcllen oder mit bestimmten Funktionen der Website interagieren. Wir verwenden diese Informationen, um:<\/p>\n\n\n\n<ul class=\"wp-block-list\">\n<li>Anpassung des Benutzererlebnisses und Reaktion auf individuelle Bed\u00fcrfnisse<\/li>\n\n\n\n<li>Verbesserung unserer Website und der angebotenen Dienstleistungen<\/li>\n\n\n\n<li>Verbesserung des Kundenservice<\/li>\n\n\n\n<li>Verwaltung von Werbekampagnen, Umfragen oder anderen Website-Funktionen<\/li>\n\n\n\n<li>Versenden von Informations- und Aktualisierungs-E-Mails<\/li>\n<\/ul>\n\n\n\n<p><strong>4. Schutz Ihrer Daten<\/strong><\/p>\n\n\n\n<p>Wir implementieren verschiedene Sicherheitsma\u00dfnahmen, um die pers\u00f6nlichen Daten der Benutzer zu sch\u00fctzen. Pers\u00f6nliche Daten werden auf sicheren Servern gespeichert und gem\u00e4\u00df den besten Sicherheits- und Datenschutzpraktiken verarbeitet.<\/p>\n\n\n\n<p><strong>5. Weitergabe personenbezogener Daten<\/strong><\/p>\n\n\n\n<p>Wir verkaufen, handeln oder vermieten die personenbezogenen Daten der Nutzer nicht an Dritte. F\u00fcr die oben beschriebenen Zwecke k\u00f6nnen wir aggregierte, nicht personenbezogene Daten \u00fcber Besucher und Benutzer an unsere Gesch\u00e4ftspartner, vertrauensw\u00fcrdigen verbundenen Unternehmen und Werbetreibenden weitergeben.<\/p>\n\n\n\n<p><strong>6. \u00c4nderungen dieser Datenschutzrichtlinie<\/strong><\/p>\n\n\n\n<p>Das Unternehmen hat das Recht, diese Datenschutzrichtlinie jederzeit zu aktualisieren. Bei \u00c4nderungen aktualisieren wir das Revisionsdatum auf dieser Seite. Benutzer sollten diese Seite regelm\u00e4\u00dfig auf \u00c4nderungen \u00fcberpr\u00fcfen, um auf dem Laufenden zu bleiben.<\/p>\n\n\n\n<p><strong>7. Ihre Einwilligung<\/strong><\/p>\n\n\n\n<p>Durch die Nutzung dieser Website stimmen Sie dieser Richtlinie zu. Wenn Sie damit nicht einverstanden sind, nutzen Sie unsere Website bitte nicht. Ihre fortgesetzte Nutzung der Website nach der Ver\u00f6ffentlichung von \u00c4nderungen an dieser Richtlinie gilt als Ihre Zustimmung zu diesen \u00c4nderungen.<\/p>\n\n\n\n<p><strong>Kontakt f\u00fcr Fragen zu dieser Richtlinie:<\/strong><\/p>\n\n\n\n<p>PI EM GROUP 23 EOOD<br>Stara planina 3, Dorf Golyamo Vranovo, 7060, Gemeinde. Slivo Pole, Region Russe<br>E-Mail: <a href=\"mailto:info@pmg23ltd.eu\">info@pmg23ltd.eu<\/a><\/p>\n\n\n\n<p>Datum der letzten \u00dcberarbeitung: 09.07.2024<\/p>","protected":false},"excerpt":{"rendered":"<p>1. \u041e\u0431\u0449\u0438 \u043f\u043e\u043b\u043e\u0436\u0435\u043d\u0438\u044f \u041d\u0430\u0441\u0442\u043e\u044f\u0449\u0430\u0442\u0430 \u043f\u043e\u043b\u0438\u0442\u0438\u043a\u0430 \u0437\u0430 \u043f\u043e\u0432\u0435\u0440\u0438\u0442\u0435\u043b\u043d\u043e\u0441\u0442 \u043e\u0431\u0445\u0432\u0430\u0449\u0430 \u043d\u0430\u0447\u0438\u043d\u0430, \u043f\u043e \u043a\u043e\u0439\u0442\u043e \u041f\u0418 \u0415\u041c \u0414\u0416\u0418 \u0413\u0420\u0423\u041f 23 \u0415\u0434\u043d\u043e\u043b\u0438\u0447\u043d\u043e \u0434\u0440\u0443\u0436\u0435\u0441\u0442\u0432\u043e \u0441 \u043e\u0433\u0440\u0430\u043d\u0438\u0447\u0435\u043d\u0430 \u043e\u0442\u0433\u043e\u0432\u043e\u0440\u043d\u043e\u0441\u0442, \u0441\u044a\u0441 \u0441\u0435\u0434\u0430\u043b\u0438\u0449\u0435 \u0438 \u0430\u0434\u0440\u0435\u0441 \u043d\u0430 \u0443\u043f\u0440\u0430\u0432\u043b\u0435\u043d\u0438\u0435: \u041e\u0431\u043b\u0430\u0441\u0442 \u0420\u0443\u0441\u0435, \u043e\u0431\u0449. \u0421\u043b\u0438\u0432\u043e \u043f\u043e\u043b\u0435, \u0441. \u0413\u043e\u043b\u044f\u043c\u043e \u0412\u0440\u0430\u043d\u043e\u0432\u043e, \u043f.\u043a\u043e\u0434 7060, \u0443\u043b. \u0421\u0442\u0430\u0440\u0430 \u043f\u043b\u0430\u043d\u0438\u043d\u0430 3, (\u043d\u0430\u0440\u0438\u0447\u0430\u043d\u043e \u043f\u043e-\u043d\u0430\u0442\u0430\u0442\u044a\u043a \u0437\u0430 \u043a\u0440\u0430\u0442\u043a\u043e\u0441\u0442 \u201e\u0424\u0438\u0440\u043c\u0430\u0442\u0430\u201c \u0438\u043b\u0438 \u201e\u041d\u0438\u0435\u201c) \u0441\u044a\u0431\u0438\u0440\u0430, \u0438\u0437\u043f\u043e\u043b\u0437\u0432\u0430, \u043f\u043e\u0434\u0434\u044a\u0440\u0436\u0430 \u0438 \u0440\u0430\u0437\u043a\u0440\u0438\u0432\u0430 \u0438\u043d\u0444\u043e\u0440\u043c\u0430\u0446\u0438\u044f, \u0441\u044a\u0431\u0440\u0430\u043d\u0430&#8230;<\/p>","protected":false},"author":2,"featured_media":0,"parent":0,"menu_order":0,"comment_status":"closed","ping_status":"open","template":"","meta":{"_kad_blocks_custom_css":"","_kad_blocks_head_custom_js":"","_kad_blocks_body_custom_js":"","_kad_blocks_footer_custom_js":"","_kad_post_transparent":"disable","_kad_post_title":"show","_kad_post_layout":"narrow","_kad_post_sidebar_id":"","_kad_post_content_style":"","_kad_post_vertical_padding":"","_kad_post_feature":"","_kad_post_feature_position":"","_kad_post_header":false,"_kad_post_footer":false,"_kad_post_classname":"","footnotes":""},"class_list":["post-3","page","type-page","status-publish","hentry"],"taxonomy_info":[],"featured_image_src_large":false,"author_info":{"display_name":"Svetoslav Minchev","author_link":"https:\/\/pmg23ltd.eu\/de\/author\/sminchev\/"},"comment_info":0,"_links":{"self":[{"href":"https:\/\/pmg23ltd.eu\/de\/wp-json\/wp\/v2\/pages\/3","targetHints":{"allow":["GET"]}}],"collection":[{"href":"https:\/\/pmg23ltd.eu\/de\/wp-json\/wp\/v2\/pages"}],"about":[{"href":"https:\/\/pmg23ltd.eu\/de\/wp-json\/wp\/v2\/types\/page"}],"author":[{"embeddable":true,"href":"https:\/\/pmg23ltd.eu\/de\/wp-json\/wp\/v2\/users\/2"}],"replies":[{"embeddable":true,"href":"https:\/\/pmg23ltd.eu\/de\/wp-json\/wp\/v2\/comments?post=3"}],"version-history":[{"count":0,"href":"https:\/\/pmg23ltd.eu\/de\/wp-json\/wp\/v2\/pages\/3\/revisions"}],"wp:attachment":[{"href":"https:\/\/pmg23ltd.eu\/de\/wp-json\/wp\/v2\/media?parent=3"}],"curies":[{"name":"wp","href":"https:\/\/api.w.org\/{rel}","templated":true}]}}